{"id":43,"date":"2021-10-17T19:32:07","date_gmt":"2021-10-17T19:32:07","guid":{"rendered":"https:\/\/www.espoonsuperosake.fi\/?page_id=43"},"modified":"2022-03-21T17:38:20","modified_gmt":"2022-03-21T17:38:20","slug":"espoon-superosake","status":"publish","type":"page","link":"https:\/\/www.espoonsuperosake.fi\/","title":{"rendered":"Espoon Superosake"},"content":{"rendered":"\n<figure class=\"wp-block-image size-large is-resized\"><img loading=\"lazy\" src=\"https:\/\/www.espoonsuperosake.files.wordpress.com\/2021\/09\/logo-3.jpeg?w=926\" alt=\"\" class=\"wp-image-37\" width=\"1232\" height=\"169\" srcset=\"https:\/\/www.espoonsuperosake.fi\/wp-content\/uploads\/2021\/09\/logo-3.jpeg 926w, https:\/\/www.espoonsuperosake.fi\/wp-content\/uploads\/2021\/09\/logo-3-300x41.jpeg 300w, https:\/\/www.espoonsuperosake.fi\/wp-content\/uploads\/2021\/09\/logo-3-768x106.jpeg 768w\" sizes=\"(max-width: 1232px) 100vw, 1232px\" \/><\/figure>\n\n\n\n<div class=\"wp-block-cover alignfull has-background-dim-10 has-background-dim\"><img class=\"wp-block-cover__image-background wp-image-28\" alt=\"\" src=\"https:\/\/www.espoonsuperosake.files.wordpress.com\/2021\/09\/qi-bin-w4hbafegiac-unsplash.jpg\" data-object-fit=\"cover\"\/><div class=\"wp-block-cover__inner-container\">\n<h2>Espoon Superosake Oy &#8211; sijoitustoimintaa Espoossa jo vuodesta 1987<\/h2>\n\n\n\n<h2>Yhti\u00f6kuvaus<\/h2>\n\n\n\n<p>Espoon Superosake Oy on sijoitusyhti\u00f6, joka on toiminut menestyksellisesti jo vuodesta 1987.<\/p>\n\n\n\n<p>Osakkaita on 61 kpl (31.12.2021). Espoon Superosake on vakavarainen yritys, joka m\u00e4\u00e4r\u00e4tietoisella ja ammattimaisella sijoitustoiminnalla kartuttaa yrityksen arvoa. Yritys k\u00e4ytt\u00e4\u00e4 toiminnassaan yhti\u00f6\u00f6n sitoutuneita sijoitusalan asiantuntijoita. Espoon Superosake arvostaa osakkaidensa tietotaitoa ja tarjoaa heille mahdollisuuden osallistua aktiivisesti yrityksen sijoitustoimintaan ja operatiiviseen johtamiseen. Osallistumismahdollisuuksia tarjoavat yhti\u00f6-, osakas-, hallitus- ja operatiivisen johtoryhm\u00e4n- kokoukset.<\/p>\n\n\n\n<p>Espoon Superosakkeen strategiana on sijoittaa hajautetusti sijoitusinstrumentteihin, joista monet ovat tavallisen sijoittajan kannalta hankalasti saatavissa tai seurattavissa. Sijoituksen turvallisuus ja vakaa kehitys varmistetaan kunnollisella hajautuksella ja riskienhallinnalla.<\/p>\n\n\n\n<p>Salkku muodostaa tasapainoisen kokonaisuuden joka koostuu seuraavista osa-alueista:<\/p>\n\n\n\n<ul><li>rahamarkkinainstrumentit (lyhyen koron talletukset, yrityslainat, valtion velkapaperit)<\/li><li>pohjoismaiset ja kansainv\u00e4liset osakkeet<\/li><li>maantieteellisen alueen rahastot (maakohtaisia indeksej\u00e4 seuraavat ETF indeksirahastot)<\/li><li>talouden sektoreita seuraavat rahastot (l\u00e4hinn\u00e4 ETF-tyyppiset indeksirahastot)<\/li><li>absoluuttiseen tuottoon pyrkiv\u00e4t hedgerahastot<\/li><li>raaka-aine indeksej\u00e4 seuraavat sijoitusinstrumentit (l\u00e4hinn\u00e4 ETF tyyppiset indeksirahastot)<\/li><\/ul>\n\n\n\n<h2>Operatiivinen toiminta<\/h2>\n\n\n\n<p>Espoon superosakkeen sis\u00e4inen operatiivinen toiminta on j\u00e4rjestetty niin ett\u00e4 kunkin osa-alueen sijoituksista vastaa ensi sijassa kyseisen alueen salkunhoitaja.<\/p>\n\n\n\n<p>Operatiivisen toiminnan hajautus varmistaa ett\u00e4:<\/p>\n\n\n\n<ul><li>sijoitusp\u00e4\u00e4t\u00f6ksiin liittyv\u00e4 henkil\u00f6riski on optimaalisesti hajautettu<\/li><li>salkunhoitaja pystyy keskittym\u00e4\u00e4n huolella valitsemaansa osa-alueeseen<\/li><li>saamme parhaat mahdolliset sektorikohtaiset asiantuntijat mukaan Espoon superosakkeen toimintaan<\/li><li>Espoon Superosakkeen toimihenkil\u00f6ille on tarjolla itsen\u00e4inen ja haastava ty\u00f6kentt\u00e4<\/li><\/ul>\n\n\n\n<hr class=\"wp-block-separator\"\/>\n\n\n\n<h2>Yrityksen historiasta<\/h2>\n\n\n\n<p>Espoon Superosake Oy:n perustamiskirjat allekirjoitettiin 23.3.1987 Ravintola Helkassa Helsingiss\u00e4. Aloitteentekij\u00e4 oli nyky\u00e4\u00e4n varsin tunnettu varainhoitaja kaup.maist. Peter Immonen. L\u00e4sn\u00e4 oli 11 henkil\u00f6\u00e4, joista osakkaina ovat edelleen Peter Immonen, Leif H\u00e4ggstr\u00f6m, Osmo J\u00e4rvinen, Oula-Matti Kukkam\u00e4ki, Seija Lahti, Timo L\u00f6tj\u00f6nen ja Heikki Salonen. Toiminta aloitettiin 15 000 mk:n osakep\u00e4\u00e4omalla. Osakep\u00e4\u00e4oman korotuksia on tehty vuosina 1988, 2004, 2006 ja 2008.<\/p>\n\n\n\n<p>Toiminta oli ensin eritt\u00e4in aktiivista noin 10 vuotta mink\u00e4 j\u00e4lkeen seurasi pitk\u00e4 hiljainen kausi. Keskusteltiin jopa toiminnan lopettamisesta. Vuonna 2002 p\u00e4\u00e4tettiin kuitenkin ett\u00e4 toimintaa jatketaan. Sen j\u00e4lkeen on yhti\u00f6 toiminut varsin aktiivisesti. Koska sijoittaminen on ollut monelle osakkaalle harrastus ja yhti\u00f6n p\u00e4\u00e4oma on ollut pieni, on aina pyritty kustannusten minimoimiseen. Sen takia hoidettiin kirjanpito pitk\u00e4\u00e4n (23 vuotta) omin voimin, eik\u00e4 palkkioita maksettu hallituksen j\u00e4senille.<\/p>\n\n\n\n<h2>Yrityksen tulevaisuudesta<\/h2>\n\n\n\n<p>Yrityksen osakkaita ja sidosryhmi\u00e4 kuunteleva toimintatapa on vuosien mittaan osoittautunut kest\u00e4v\u00e4ksi perustaksi, jolle on hyv\u00e4 rakentaa. On keskusteltu uusien osakkaiden hankkimisesta sek\u00e4 toiminnan laajentamisesta niin, ett\u00e4 Espoon Superosake voi v\u00e4hitellen kasvaa merkitt\u00e4v\u00e4ksi sijoitusalan toimijaksi, jolla on aivan erityinen arvo sijoittajille. Espoon Superosake tarjoaa sijoittajille mahdollisuuden osallistua toimintaan ja p\u00e4\u00e4t\u00f6ksentekoon sek\u00e4 antaa mahdollisuuksia sijoittajille tavata toisiaan yhteisen toiminnan parissa.<\/p>\n\n\n\n<h2>Hallitus<\/h2>\n\n\n\n<p>Yrityksen hallitus koostuu seuraavista yritykseen sitoutuneista, sijoitusalan osaamista omaavista ja aktiivista sijoitustoimintaa harjoittavista henkil\u00f6ist\u00e4:<\/p>\n\n\n\n<figure class=\"wp-block-image size-full\"><img loading=\"lazy\" width=\"631\" height=\"107\" src=\"https:\/\/www.espoonsuperosake.fi\/wp-content\/uploads\/2021\/11\/yhteystiedot-2.png\" alt=\"\" class=\"wp-image-64\" srcset=\"https:\/\/www.espoonsuperosake.fi\/wp-content\/uploads\/2021\/11\/yhteystiedot-2.png 631w, https:\/\/www.espoonsuperosake.fi\/wp-content\/uploads\/2021\/11\/yhteystiedot-2-300x51.png 300w\" sizes=\"(max-width: 631px) 100vw, 631px\" \/><\/figure>\n\n\n\n<p>Hallitus vastaa sijoittajasuhteista, yhti\u00f6- ja osakaskokouksista, valitsee operatiiviselle toiminnalle puheenjohtajan sek\u00e4 seuraa ja antaa tukea operatiiviselle toiminnalle. Hallitus p\u00e4\u00e4tt\u00e4\u00e4 suuntaviivoista ja hyv\u00e4ksyy yhteisty\u00f6ss\u00e4 operatiivisen johtoryhm\u00e4n kanssa valmistellun toimintasuunnitelman.<\/p>\n\n\n\n<h2>Operatiivinen johtoryhm\u00e4<\/h2>\n\n\n\n<p>Yrityksen sijoitustoimintaa johdetaan operatiivisessa johtoryhm\u00e4ss\u00e4, johon kuuluvat ryhm\u00e4n puheenjohtaja, Mika Virtanen, sek\u00e4 salkunhoitajat ja muut toimintaan osallistuvat henkil\u00f6t. Operatiivisen ryhm\u00e4 raportoihallitukselle ja vastaayrityksen taloudellisesta tuloksesta, rahank\u00e4yt\u00f6st\u00e4, taseesta ja likviditeetist\u00e4.<\/p>\n\n\n\n<h2>Yhti\u00f6n yhteystiedot<\/h2>\n\n\n\n<p>Espoon Superosake Oy<br>c\/o Virtanen<br>Parrukuja 8 C<br>02620 Espoo<\/p>\n\n\n\n<p>tel. +358-50-3282437<\/p>\n\n\n\n<p>Ly-tunnus: 0625215-3<\/p>\n\n\n\n<hr class=\"wp-block-separator\"\/>\n\n\n\n<h2>Kaupank\u00e4ynti yrityksen osakkeilla<\/h2>\n\n\n\n<p>Yrityksen hallitus pyrkii mahdollisuuksien mukaan v\u00e4litt\u00e4m\u00e4\u00e4n v\u00e4hint\u00e4\u00e4nkin tietoa halukkaista ostajista ja myyjist\u00e4. Osakekauppaan liittyviss\u00e4 kysymyksiss\u00e4 kannattaa olla yhteydess\u00e4 Eero Kaukorantaan, joka toimii yrityksen osakasyhdyshenkil\u00f6n\u00e4 (yhteystiedot Hallitus-osiossa).<\/p>\n\n\n\n<p>Kaupantekohinta m\u00e4\u00e4r\u00e4ytyy myyj\u00e4n ja ostajan sopimuksen pohjalta kaupantekotilanteessa. <\/p>\n\n\n\n<p>Suuntaa-antava osakkeen kurssi on tyypillisesti v\u00e4lill\u00e4:<\/p>\n\n\n\n<ul><li><strong>Ostokurssi:<\/strong> omaisuusmassa osaketta kohden<\/li><li><strong>Myyntikurssi:<\/strong> omaisuusmassa osaketta kohden -10 %<\/li><\/ul>\n\n\n\n<p>Kauppaa osakkeilla on mahdollisuus k\u00e4yd\u00e4 my\u00f6s yhti\u00f6kokousten yhteydess\u00e4 tai ottamalla suoraan yhteytt\u00e4 yrityksen osakkaisiin tai muihin sijoittajiin. Yrityksen omaisuusmassan kehityksest\u00e4 ja osingoista saa lis\u00e4tietoa v\u00e4lilehdelt\u00e4 &#8221;Talous&#8221;.<\/p>\n\n\n\n<h4><strong>Kaupank\u00e4ynti listaamattomilla osakkeilla tapahtuu seuraavasti:<\/strong><\/h4>\n\n\n\n<ol><li>Ostaja ja myyj\u00e4 allekirjoittavat kauppasopimuksen kolmena kappaleena (yksi myyj\u00e4lle ja kaksi ostajalle) ja myyj\u00e4 luovuttaa osakekirjat sovittua kauppasummaa vastaan ostajalle.<\/li><li>Ostaja maksaa pankin v\u00e4lityksell\u00e4 kauppasummaa vastaavan varainsiirtoveron (varainsiirtoveroon liittyv\u00e4n kaavakkeen saa pankista)<\/li><li>Ostaja k\u00e4y verotoimistossa tekem\u00e4ss\u00e4 ilmoituksen varainsiirtoverosta. (mukaan tarvitaan kauppakirja)<\/li><li>Ostaja ottaa yhteytt\u00e4 Espoon Superosakkeeseen, joka kirjaa muuttuneen omistussuhteen osakerekisteriin sek\u00e4 tarvittaessa osakekirjoihin (mukaan tarvitaan kauppakirja, osakekirjat ja todistus varainsiirtoverosta)<\/li><\/ol>\n\n\n\n<hr class=\"wp-block-separator\"\/>\n\n\n\n<h2><strong>Osinkohistoria<br><\/strong><\/h2>\n\n\n\n<figure class=\"wp-block-image size-full\"><img loading=\"lazy\" width=\"498\" height=\"271\" src=\"https:\/\/www.espoonsuperosake.fi\/wp-content\/uploads\/2021\/11\/Osinkohistoria2021.png\" alt=\"\" class=\"wp-image-53\" srcset=\"https:\/\/www.espoonsuperosake.fi\/wp-content\/uploads\/2021\/11\/Osinkohistoria2021.png 498w, https:\/\/www.espoonsuperosake.fi\/wp-content\/uploads\/2021\/11\/Osinkohistoria2021-300x163.png 300w\" sizes=\"(max-width: 498px) 100vw, 498px\" \/><\/figure>\n\n\n\n<h2><br>Espoon Superosakkeen osakkeen arvonkehitys (tilintarkastamaton)<\/h2>\n\n\n\n<figure class=\"wp-block-image size-full\"><img loading=\"lazy\" width=\"809\" height=\"618\" src=\"https:\/\/www.espoonsuperosake.fi\/wp-content\/uploads\/2022\/03\/Superosake_arvonkehitys.png\" alt=\"\" class=\"wp-image-93\" srcset=\"https:\/\/www.espoonsuperosake.fi\/wp-content\/uploads\/2022\/03\/Superosake_arvonkehitys.png 809w, https:\/\/www.espoonsuperosake.fi\/wp-content\/uploads\/2022\/03\/Superosake_arvonkehitys-300x229.png 300w, https:\/\/www.espoonsuperosake.fi\/wp-content\/uploads\/2022\/03\/Superosake_arvonkehitys-768x587.png 768w\" sizes=\"(max-width: 809px) 100vw, 809px\" \/><\/figure>\n\n\n\n<hr class=\"wp-block-separator\"\/>\n\n\n\n<h2>Yhteisty\u00f6kumppanit<\/h2>\n\n\n\n<ul><li>Kirjanpito: <strong>Laskenta Piilola Oy<\/strong> (<a href=\"http:\/\/www.laskentapiilola.fi\/index.html\"> http:\/\/www.laskentapiilola.fi\/index.html<\/a>)<\/li><li>Pankkiiriliikkeen palvelut: <strong>Nordnet<\/strong> (<a href=\"http:\/\/www.nordnet.fi\">http:\/\/www.nordnet.fi<\/a>)<\/li><\/ul>\n\n\n\n<hr class=\"wp-block-separator\"\/>\n\n\n\n<p>P\u00e4ivitetty 21.03.2021<br><\/p>\n\n\n\n<div class=\"wp-block-buttons is-content-justification-center\">\n<div class=\"wp-block-button\"><a class=\"wp-block-button__link\" href=\"http:\/\/learn.wordpress.com\" title=\"learn.wordpress.com\" style=\"border-radius:2px\">Learn more<\/a><\/div>\n<\/div>\n<\/div><\/div>\n\n\n\n<div style=\"height:64px\" aria-hidden=\"true\" class=\"wp-block-spacer\"><\/div>\n\n\n\n<div class=\"wp-block-columns alignwide\">\n<div class=\"wp-block-column\" style=\"flex-basis:67%\">\n<h3 style=\"font-size:30px;line-height:1.2\"><\/h3>\n<\/div>\n\n\n\n<div class=\"wp-block-column\" style=\"flex-basis:33%\"><\/div>\n<\/div>\n\n\n\n<div style=\"height:58px\" aria-hidden=\"true\" class=\"wp-block-spacer\"><\/div>\n\n\n\n<div class=\"wp-block-group alignfull has-foreground-dark-background-color has-background\"><div class=\"wp-block-group__inner-container\">\n<div class=\"wp-block-columns\">\n<div class=\"wp-block-column\" style=\"flex-basis:45%\">\n<p class=\"has-text-align-left\" style=\"font-size:20px;line-height:1.3\">Get new content delivered directly to your inbox.<\/p>\n<\/div>\n\n\n\n<div class=\"wp-block-column\" style=\"flex-basis:55%\"><\/div>\n<\/div>\n<\/div><\/div>\n\n\n<p><meta name=\"Superosake\" content=\"Superosake\"><\/p>\n<p><meta name=\"Super\" content=\"Super\"><\/p>\n<p><meta name=\"osake\" content=\"osake\"><\/p>\n<p><meta name=\"Oy\" content=\"Oy\"><\/p>\n<p><meta name=\"Espoo\" content=\"Espoo\"><\/p>\n<p><meta name=\"Espoon\" content=\"Espoon\"><\/p>\n<p><meta name=\"Espoon Superosake\" content=\"Espoon Superosake\"><\/p>\n<p><meta name=\"Superosake\" content=\"Superosake\"><\/p>\n<p><meta name=\"Super\" content=\"Super\"><\/p>\n<p><meta name=\"osake\" content=\"osake\"><\/p>\n<p><meta name=\"Oy\" content=\"Oy\"><\/p>\n<p><meta name=\"Espoo\" content=\"Espoo\"><\/p>\n<p><meta name=\"Espoon\" content=\"Espoon\"><\/p>\n<p><meta name=\"Espoon Superosake\" content=\"Espoon Superosake\"><\/p>\n<p><meta name=\"Superosake\" content=\"Superosake\"><\/p>\n<p><meta name=\"Super\" content=\"Super\"><\/p>\n<p><meta name=\"osake\" content=\"osake\"><\/p>\n<p><meta name=\"Oy\" content=\"Oy\"><\/p>\n<p><meta name=\"Espoo\" content=\"Espoo\"><\/p>\n<p><meta name=\"Espoon\" content=\"Espoon\"><\/p>\n<p><meta name=\"Espoon Superosake\" content=\"Espoon Superosake\"><\/p>\n<p><meta name=\"Superosake\" content=\"Superosake\"><\/p>\n<p><meta name=\"Super\" content=\"Super\"><\/p>\n<p><meta name=\"osake\" content=\"osake\"><\/p>\n<p><meta name=\"Oy\" content=\"Oy\"><\/p>\n<p><meta name=\"Espoo\" content=\"Espoo\"><\/p>\n<p><meta name=\"Espoon\" content=\"Espoon\"><\/p>\n<p><meta name=\"Espoon Superosake\" content=\"Espoon Superosake\"><\/p>","protected":false},"excerpt":{"rendered":"<p>Get new content delivered directly to your inbox.<\/p>\n","protected":false},"author":1,"featured_media":0,"parent":0,"menu_order":0,"comment_status":"closed","ping_status":"closed","template":"","meta":[],"_links":{"self":[{"href":"https:\/\/www.espoonsuperosake.fi\/index.php\/wp-json\/wp\/v2\/pages\/43"}],"collection":[{"href":"https:\/\/www.espoonsuperosake.fi\/index.php\/wp-json\/wp\/v2\/pages"}],"about":[{"href":"https:\/\/www.espoonsuperosake.fi\/index.php\/wp-json\/wp\/v2\/types\/page"}],"author":[{"embeddable":true,"href":"https:\/\/www.espoonsuperosake.fi\/index.php\/wp-json\/wp\/v2\/users\/1"}],"replies":[{"embeddable":true,"href":"https:\/\/www.espoonsuperosake.fi\/index.php\/wp-json\/wp\/v2\/comments?post=43"}],"version-history":[{"count":30,"href":"https:\/\/www.espoonsuperosake.fi\/index.php\/wp-json\/wp\/v2\/pages\/43\/revisions"}],"predecessor-version":[{"id":94,"href":"https:\/\/www.espoonsuperosake.fi\/index.php\/wp-json\/wp\/v2\/pages\/43\/revisions\/94"}],"wp:attachment":[{"href":"https:\/\/www.espoonsuperosake.fi\/index.php\/wp-json\/wp\/v2\/media?parent=43"}],"curies":[{"name":"wp","href":"https:\/\/api.w.org\/{rel}","templated":true}]}}